{"id":735,"date":"2023-02-07T23:17:57","date_gmt":"2023-02-08T03:17:57","guid":{"rendered":"https:\/\/msflores.com.br\/conflor\/?page_id=735"},"modified":"2023-04-04T00:08:19","modified_gmt":"2023-04-04T04:08:19","slug":"evento","status":"publish","type":"page","link":"https:\/\/msflores.com.br\/conflor\/evento\/","title":{"rendered":"Evento"},"content":{"rendered":"\t\t<div data-elementor-type=\"wp-page\" data-elementor-id=\"735\" class=\"elementor elementor-735\" data-elementor-post-type=\"page\">\n\t\t\t\t\t\t<section class=\"elementor-section elementor-top-section elementor-element elementor-element-8b075fc elementor-section-full_width elementor-section-height-default elementor-section-height-default\" data-id=\"8b075fc\" data-element_type=\"section\" data-settings=\"{&quot;background_background&quot;:&quot;classic&quot;}\">\n\t\t\t\t\t\t\t<div class=\"elementor-background-overlay\"><\/div>\n\t\t\t\t\t\t\t<div class=\"elementor-container elementor-column-gap-default\">\n\t\t\t\t\t<div class=\"elementor-column elementor-col-100 elementor-top-column elementor-element elementor-element-f93cc03\" data-id=\"f93cc03\" data-element_type=\"column\" id=\"inicio\">\n\t\t\t<div class=\"elementor-widget-wrap elementor-element-populated\">\n\t\t\t\t\t\t<div class=\"elementor-element elementor-element-d8ead89 elementor-hidden-desktop elementor-widget elementor-widget-shortcode\" data-id=\"d8ead89\" data-element_type=\"widget\" data-widget_type=\"shortcode.default\">\n\t\t\t\t<div class=\"elementor-widget-container\">\n\t\t\t\t\t\t\t<div class=\"elementor-shortcode\">\t\t<div data-elementor-type=\"header\" data-elementor-id=\"361\" class=\"elementor elementor-361\" data-elementor-post-type=\"elementor_library\">\n\t\t\t\t\t<section class=\"elementor-section elementor-top-section elementor-element elementor-element-3f7af69 elementor-section-full_width elementor-section-height-default elementor-section-height-default\" data-id=\"3f7af69\" data-element_type=\"section\" data-settings=\"{&quot;background_background&quot;:&quot;classic&quot;}\">\n\t\t\t\t\t\t<div class=\"elementor-container elementor-column-gap-default\">\n\t\t\t\t\t<div class=\"elementor-column elementor-col-50 elementor-top-column elementor-element elementor-element-3b5a223\" data-id=\"3b5a223\" data-element_type=\"column\">\n\t\t\t<div class=\"elementor-widget-wrap elementor-element-populated\">\n\t\t\t\t\t\t<div class=\"elementor-element elementor-element-763578e elementor-widget elementor-widget-image\" data-id=\"763578e\" data-element_type=\"widget\" data-widget_type=\"image.default\">\n\t\t\t\t<div class=\"elementor-widget-container\">\n\t\t\t\t\t\t\t\t\t\t\t\t\t\t\t<img fetchpriority=\"high\" decoding=\"async\" width=\"647\" height=\"457\" src=\"https:\/\/msflores.com.br\/conflor\/wp-content\/uploads\/2022\/10\/conflor_logomarca.png\" class=\"attachment-large size-large wp-image-1549\" alt=\"\" srcset=\"https:\/\/msflores.com.br\/conflor\/wp-content\/uploads\/2022\/10\/conflor_logomarca.png 647w, https:\/\/msflores.com.br\/conflor\/wp-content\/uploads\/2022\/10\/conflor_logomarca-300x212.png 300w, https:\/\/msflores.com.br\/conflor\/wp-content\/uploads\/2022\/10\/conflor_logomarca-600x424.png 600w\" sizes=\"(max-width: 647px) 100vw, 647px\" \/>\t\t\t\t\t\t\t\t\t\t\t\t\t\t\t<\/div>\n\t\t\t\t<\/div>\n\t\t\t\t\t<\/div>\n\t\t<\/div>\n\t\t\t\t<div class=\"elementor-column elementor-col-50 elementor-top-column elementor-element elementor-element-bb802fe\" data-id=\"bb802fe\" data-element_type=\"column\">\n\t\t\t<div class=\"elementor-widget-wrap elementor-element-populated\">\n\t\t\t\t\t\t<div class=\"elementor-element elementor-element-9df3f6a elementor-nav-menu__align-center elementor-nav-menu--dropdown-tablet elementor-nav-menu__text-align-aside elementor-nav-menu--toggle elementor-nav-menu--burger elementor-widget elementor-widget-nav-menu\" data-id=\"9df3f6a\" data-element_type=\"widget\" data-settings=\"{&quot;layout&quot;:&quot;horizontal&quot;,&quot;submenu_icon&quot;:{&quot;value&quot;:&quot;&lt;i class=\\&quot;fas fa-caret-down\\&quot;&gt;&lt;\\\/i&gt;&quot;,&quot;library&quot;:&quot;fa-solid&quot;},&quot;toggle&quot;:&quot;burger&quot;}\" data-widget_type=\"nav-menu.default\">\n\t\t\t\t<div class=\"elementor-widget-container\">\n\t\t\t\t\t\t\t\t<nav aria-label=\"Menu\" class=\"elementor-nav-menu--main elementor-nav-menu__container elementor-nav-menu--layout-horizontal e--pointer-underline e--animation-fade\">\n\t\t\t\t<ul id=\"menu-1-9df3f6a\" class=\"elementor-nav-menu\"><li class=\"menu-item menu-item-type-post_type menu-item-object-page menu-item-home menu-item-655\"><a href=\"https:\/\/msflores.com.br\/conflor\/\" class=\"elementor-item\">Home<\/a><\/li>\n<li class=\"menu-item menu-item-type-custom menu-item-object-custom menu-item-home menu-item-623\"><a href=\"https:\/\/msflores.com.br\/conflor\/#evento\" class=\"elementor-item elementor-item-anchor\">O Evento<\/a><\/li>\n<li class=\"menu-item menu-item-type-custom menu-item-object-custom menu-item-home menu-item-622\"><a href=\"https:\/\/msflores.com.br\/conflor\/#palestrantes\" class=\"elementor-item elementor-item-anchor\">Palestrantes<\/a><\/li>\n<li class=\"menu-item menu-item-type-custom menu-item-object-custom menu-item-home menu-item-624\"><a href=\"https:\/\/msflores.com.br\/conflor\/#equipe\" class=\"elementor-item elementor-item-anchor\">A equipe<\/a><\/li>\n<li class=\"menu-item menu-item-type-custom menu-item-object-custom menu-item-2329\"><a href=\"https:\/\/msflores.com.br\/conflor\/trabalhos-cientificos\/\" class=\"elementor-item\">Apresenta\u00e7\u00e3o de Trabalhos<\/a><\/li>\n<\/ul>\t\t\t<\/nav>\n\t\t\t\t\t<div class=\"elementor-menu-toggle\" role=\"button\" tabindex=\"0\" aria-label=\"Menu Toggle\" aria-expanded=\"false\">\n\t\t\t<i aria-hidden=\"true\" role=\"presentation\" class=\"elementor-menu-toggle__icon--open eicon-menu-bar\"><\/i><i aria-hidden=\"true\" role=\"presentation\" class=\"elementor-menu-toggle__icon--close eicon-close\"><\/i>\t\t\t<span class=\"elementor-screen-only\">Menu<\/span>\n\t\t<\/div>\n\t\t\t\t\t<nav class=\"elementor-nav-menu--dropdown elementor-nav-menu__container\" aria-hidden=\"true\">\n\t\t\t\t<ul id=\"menu-2-9df3f6a\" class=\"elementor-nav-menu\"><li class=\"menu-item menu-item-type-post_type menu-item-object-page menu-item-home menu-item-655\"><a href=\"https:\/\/msflores.com.br\/conflor\/\" class=\"elementor-item\" tabindex=\"-1\">Home<\/a><\/li>\n<li class=\"menu-item menu-item-type-custom menu-item-object-custom menu-item-home menu-item-623\"><a href=\"https:\/\/msflores.com.br\/conflor\/#evento\" class=\"elementor-item elementor-item-anchor\" tabindex=\"-1\">O Evento<\/a><\/li>\n<li class=\"menu-item menu-item-type-custom menu-item-object-custom menu-item-home menu-item-622\"><a href=\"https:\/\/msflores.com.br\/conflor\/#palestrantes\" class=\"elementor-item elementor-item-anchor\" tabindex=\"-1\">Palestrantes<\/a><\/li>\n<li class=\"menu-item menu-item-type-custom menu-item-object-custom menu-item-home menu-item-624\"><a href=\"https:\/\/msflores.com.br\/conflor\/#equipe\" class=\"elementor-item elementor-item-anchor\" tabindex=\"-1\">A equipe<\/a><\/li>\n<li class=\"menu-item menu-item-type-custom menu-item-object-custom menu-item-2329\"><a href=\"https:\/\/msflores.com.br\/conflor\/trabalhos-cientificos\/\" class=\"elementor-item\" tabindex=\"-1\">Apresenta\u00e7\u00e3o de Trabalhos<\/a><\/li>\n<\/ul>\t\t\t<\/nav>\n\t\t\t\t\t\t<\/div>\n\t\t\t\t<\/div>\n\t\t\t\t\t<\/div>\n\t\t<\/div>\n\t\t\t\t\t<\/div>\n\t\t<\/section>\n\t\t\t\t<\/div>\n\t\t<\/div>\n\t\t\t\t\t\t<\/div>\n\t\t\t\t<\/div>\n\t\t\t\t<div class=\"elementor-element elementor-element-0ee1035 elementor-widget elementor-widget-shortcode\" data-id=\"0ee1035\" data-element_type=\"widget\" data-widget_type=\"shortcode.default\">\n\t\t\t\t<div class=\"elementor-widget-container\">\n\t\t\t\t\t\t\t<div class=\"elementor-shortcode\">\t\t<div data-elementor-type=\"header\" data-elementor-id=\"113\" class=\"elementor elementor-113\" data-elementor-post-type=\"elementor_library\">\n\t\t\t\t\t<section class=\"elementor-section elementor-top-section elementor-element elementor-element-c9a804b elementor-section-content-middle elementor-section-boxed elementor-section-height-default elementor-section-height-default\" data-id=\"c9a804b\" data-element_type=\"section\" data-settings=\"{&quot;background_background&quot;:&quot;classic&quot;}\">\n\t\t\t\t\t\t<div class=\"elementor-container elementor-column-gap-default\">\n\t\t\t\t\t<div class=\"elementor-column elementor-col-33 elementor-top-column elementor-element elementor-element-ac1d38d\" data-id=\"ac1d38d\" data-element_type=\"column\">\n\t\t\t<div class=\"elementor-widget-wrap elementor-element-populated\">\n\t\t\t\t\t\t<div class=\"elementor-element elementor-element-c3528d0 elementor-widget__width-inherit elementor-widget elementor-widget-image\" data-id=\"c3528d0\" data-element_type=\"widget\" data-widget_type=\"image.default\">\n\t\t\t\t<div class=\"elementor-widget-container\">\n\t\t\t\t\t\t\t\t\t\t\t\t\t\t\t<img decoding=\"async\" width=\"647\" height=\"457\" src=\"https:\/\/msflores.com.br\/conflor\/wp-content\/uploads\/2022\/10\/conflor_logomarca.png\" class=\"attachment-2048x2048 size-2048x2048 wp-image-1549\" alt=\"\" srcset=\"https:\/\/msflores.com.br\/conflor\/wp-content\/uploads\/2022\/10\/conflor_logomarca.png 647w, https:\/\/msflores.com.br\/conflor\/wp-content\/uploads\/2022\/10\/conflor_logomarca-300x212.png 300w, https:\/\/msflores.com.br\/conflor\/wp-content\/uploads\/2022\/10\/conflor_logomarca-600x424.png 600w\" sizes=\"(max-width: 647px) 100vw, 647px\" \/>\t\t\t\t\t\t\t\t\t\t\t\t\t\t\t<\/div>\n\t\t\t\t<\/div>\n\t\t\t\t\t<\/div>\n\t\t<\/div>\n\t\t\t\t<div class=\"elementor-column elementor-col-33 elementor-top-column elementor-element elementor-element-890672f\" data-id=\"890672f\" data-element_type=\"column\">\n\t\t\t<div class=\"elementor-widget-wrap elementor-element-populated\">\n\t\t\t\t\t\t<div class=\"elementor-element elementor-element-33175d4 elementor-nav-menu__align-end elementor-nav-menu--dropdown-tablet elementor-nav-menu__text-align-aside elementor-nav-menu--toggle elementor-nav-menu--burger elementor-widget elementor-widget-nav-menu\" data-id=\"33175d4\" data-element_type=\"widget\" data-settings=\"{&quot;layout&quot;:&quot;horizontal&quot;,&quot;submenu_icon&quot;:{&quot;value&quot;:&quot;&lt;i class=\\&quot;fas fa-caret-down\\&quot;&gt;&lt;\\\/i&gt;&quot;,&quot;library&quot;:&quot;fa-solid&quot;},&quot;toggle&quot;:&quot;burger&quot;}\" data-widget_type=\"nav-menu.default\">\n\t\t\t\t<div class=\"elementor-widget-container\">\n\t\t\t\t\t\t\t\t<nav aria-label=\"Menu\" class=\"elementor-nav-menu--main elementor-nav-menu__container elementor-nav-menu--layout-horizontal e--pointer-underline e--animation-fade\">\n\t\t\t\t<ul id=\"menu-1-33175d4\" class=\"elementor-nav-menu\"><li class=\"menu-item menu-item-type-post_type menu-item-object-page menu-item-home menu-item-655\"><a href=\"https:\/\/msflores.com.br\/conflor\/\" class=\"elementor-item\">Home<\/a><\/li>\n<li class=\"menu-item menu-item-type-custom menu-item-object-custom menu-item-home menu-item-623\"><a href=\"https:\/\/msflores.com.br\/conflor\/#evento\" class=\"elementor-item elementor-item-anchor\">O Evento<\/a><\/li>\n<li class=\"menu-item menu-item-type-custom menu-item-object-custom menu-item-home menu-item-622\"><a href=\"https:\/\/msflores.com.br\/conflor\/#palestrantes\" class=\"elementor-item elementor-item-anchor\">Palestrantes<\/a><\/li>\n<li class=\"menu-item menu-item-type-custom menu-item-object-custom menu-item-home menu-item-624\"><a href=\"https:\/\/msflores.com.br\/conflor\/#equipe\" class=\"elementor-item elementor-item-anchor\">A equipe<\/a><\/li>\n<li class=\"menu-item menu-item-type-custom menu-item-object-custom menu-item-2329\"><a href=\"https:\/\/msflores.com.br\/conflor\/trabalhos-cientificos\/\" class=\"elementor-item\">Apresenta\u00e7\u00e3o de Trabalhos<\/a><\/li>\n<\/ul>\t\t\t<\/nav>\n\t\t\t\t\t<div class=\"elementor-menu-toggle\" role=\"button\" tabindex=\"0\" aria-label=\"Menu Toggle\" aria-expanded=\"false\">\n\t\t\t<i aria-hidden=\"true\" role=\"presentation\" class=\"elementor-menu-toggle__icon--open eicon-menu-bar\"><\/i><i aria-hidden=\"true\" role=\"presentation\" class=\"elementor-menu-toggle__icon--close eicon-close\"><\/i>\t\t\t<span class=\"elementor-screen-only\">Menu<\/span>\n\t\t<\/div>\n\t\t\t\t\t<nav class=\"elementor-nav-menu--dropdown elementor-nav-menu__container\" aria-hidden=\"true\">\n\t\t\t\t<ul id=\"menu-2-33175d4\" class=\"elementor-nav-menu\"><li class=\"menu-item menu-item-type-post_type menu-item-object-page menu-item-home menu-item-655\"><a href=\"https:\/\/msflores.com.br\/conflor\/\" class=\"elementor-item\" tabindex=\"-1\">Home<\/a><\/li>\n<li class=\"menu-item menu-item-type-custom menu-item-object-custom menu-item-home menu-item-623\"><a href=\"https:\/\/msflores.com.br\/conflor\/#evento\" class=\"elementor-item elementor-item-anchor\" tabindex=\"-1\">O Evento<\/a><\/li>\n<li class=\"menu-item menu-item-type-custom menu-item-object-custom menu-item-home menu-item-622\"><a href=\"https:\/\/msflores.com.br\/conflor\/#palestrantes\" class=\"elementor-item elementor-item-anchor\" tabindex=\"-1\">Palestrantes<\/a><\/li>\n<li class=\"menu-item menu-item-type-custom menu-item-object-custom menu-item-home menu-item-624\"><a href=\"https:\/\/msflores.com.br\/conflor\/#equipe\" class=\"elementor-item elementor-item-anchor\" tabindex=\"-1\">A equipe<\/a><\/li>\n<li class=\"menu-item menu-item-type-custom menu-item-object-custom menu-item-2329\"><a href=\"https:\/\/msflores.com.br\/conflor\/trabalhos-cientificos\/\" class=\"elementor-item\" tabindex=\"-1\">Apresenta\u00e7\u00e3o de Trabalhos<\/a><\/li>\n<\/ul>\t\t\t<\/nav>\n\t\t\t\t\t\t<\/div>\n\t\t\t\t<\/div>\n\t\t\t\t\t<\/div>\n\t\t<\/div>\n\t\t\t\t<div class=\"elementor-column elementor-col-33 elementor-top-column elementor-element elementor-element-bcadad0\" data-id=\"bcadad0\" data-element_type=\"column\">\n\t\t\t<div class=\"elementor-widget-wrap elementor-element-populated\">\n\t\t\t\t\t\t<div class=\"elementor-element elementor-element-f333f9f elementor-shape-square elementor-grid-3 elementor-hidden-tablet elementor-hidden-mobile e-grid-align-center elementor-widget elementor-widget-social-icons\" data-id=\"f333f9f\" data-element_type=\"widget\" data-widget_type=\"social-icons.default\">\n\t\t\t\t<div class=\"elementor-widget-container\">\n\t\t\t\t\t\t\t<div class=\"elementor-social-icons-wrapper elementor-grid\">\n\t\t\t\t\t\t\t<span class=\"elementor-grid-item\">\n\t\t\t\t\t<a class=\"elementor-icon elementor-social-icon elementor-social-icon-instagram elementor-repeater-item-a4fd605\" href=\"https:\/\/www.instagram.com\/MSFloresAssociacao\/\" target=\"_blank\">\n\t\t\t\t\t\t<span class=\"elementor-screen-only\">Instagram<\/span>\n\t\t\t\t\t\t<i class=\"fab fa-instagram\"><\/i>\t\t\t\t\t<\/a>\n\t\t\t\t<\/span>\n\t\t\t\t\t\t\t<span class=\"elementor-grid-item\">\n\t\t\t\t\t<a class=\"elementor-icon elementor-social-icon elementor-social-icon-facebook elementor-repeater-item-3932ee5\" href=\"https:\/\/www.facebook.com\/MSFloresAssociacao\/\" target=\"_blank\">\n\t\t\t\t\t\t<span class=\"elementor-screen-only\">Facebook<\/span>\n\t\t\t\t\t\t<i class=\"fab fa-facebook\"><\/i>\t\t\t\t\t<\/a>\n\t\t\t\t<\/span>\n\t\t\t\t\t\t\t<span class=\"elementor-grid-item\">\n\t\t\t\t\t<a class=\"elementor-icon elementor-social-icon elementor-social-icon-whatsapp elementor-repeater-item-b13e185\" href=\"https:\/\/api.whatsapp.com\/send?phone=5567920001756\" target=\"_blank\">\n\t\t\t\t\t\t<span class=\"elementor-screen-only\">Whatsapp<\/span>\n\t\t\t\t\t\t<i class=\"fab fa-whatsapp\"><\/i>\t\t\t\t\t<\/a>\n\t\t\t\t<\/span>\n\t\t\t\t\t<\/div>\n\t\t\t\t\t\t<\/div>\n\t\t\t\t<\/div>\n\t\t\t\t\t<\/div>\n\t\t<\/div>\n\t\t\t\t\t<\/div>\n\t\t<\/section>\n\t\t\t\t<\/div>\n\t\t<\/div>\n\t\t\t\t\t\t<\/div>\n\t\t\t\t<\/div>\n\t\t\t\t\t<\/div>\n\t\t<\/div>\n\t\t\t\t\t<\/div>\n\t\t<\/section>\n\t\t\t\t<section class=\"elementor-section elementor-top-section elementor-element elementor-element-a4e166c elementor-section-boxed elementor-section-height-default elementor-section-height-default\" data-id=\"a4e166c\" data-element_type=\"section\">\n\t\t\t\t\t\t<div class=\"elementor-container elementor-column-gap-default\">\n\t\t\t\t\t<div class=\"elementor-column elementor-col-100 elementor-top-column elementor-element elementor-element-99d971e\" data-id=\"99d971e\" data-element_type=\"column\">\n\t\t\t<div class=\"elementor-widget-wrap elementor-element-populated\">\n\t\t\t\t\t\t<div class=\"elementor-element elementor-element-361f066 elementor-widget elementor-widget-text-editor\" data-id=\"361f066\" data-element_type=\"widget\" data-widget_type=\"text-editor.default\">\n\t\t\t\t<div class=\"elementor-widget-container\">\n\t\t\t\t\t\t\t\t\t<p><strong>4\u00b0. CONFLOR<\/strong><\/p>\n<p><strong>&nbsp;<\/strong><strong>Terapia Floral, Sustentabilidade e Amor <\/strong><strong>Expandindo a Consci\u00eancia Pessoal e Planet\u00e1ria.<\/strong><\/p>\n<p>\u00c9 com grande alegria que vamos realizar, neste ano, o 4\u2022. CONFLOR &#8211; Congresso Nacional da Terapia Floral. E, pela primeira vez, ele deixa o Rio de Janeiro, onde foram realizados os tr\u00eas primeiros eventos, para visitar outro estado, o Mato Grosso do Sul, sendo organizado pela MSFLORES \u2013 Associa\u00e7\u00e3o dos Profissionais de Terapia Floral e Consciencial do Estado de Mato Grosso do Sul e apoiado pelo CONAFLOR &#8211; Conselho Nacional de Autorregulamenta\u00e7\u00e3o da Terapia Floral.<\/p>\n<p>Desde sua cria\u00e7\u00e3o&nbsp;em 2003, o CONFLOR tem mantido alguns princ\u00edpios importantes como:<\/p>\n<p>&#8211; Estar sempre conectado \u00e0&nbsp;necessidade da expans\u00e3o da consci\u00eancia, fundamento da Terapia Floral, como tamb\u00e9m&nbsp;o amor e o cuidar;<\/p>\n<p>&#8211; Garantir que os temas tratados reflitam as quest\u00f5es vivenciadas pelos seres vivos do planeta Terra, suas realidades e transi\u00e7\u00f5es;<\/p>\n<p>&#8211; Buscar uma abrang\u00eancia a partir dos novos paradigmas, ultrapassando o n\u00edvel pessoal e expandindo-se para o coletivo.<\/p>\n<p>Refletindo sobre os desafios que enfrentamos neste momento, percebemos que o texto de Leonardo Boff, que usamos na apresenta\u00e7\u00e3o&nbsp;do 2\u00b0. CONFLOR, se aplica ainda hoje:<\/p>\n<p>&#8220;Ele (o ser humano) precisa voltar-se sobre si mesmo e redescobrir a sua ess\u00eancia. Que o cuidado aflore em todos os \u00e2mbitos, penetre na atmosfera humana e que prevale\u00e7a em todas as rela\u00e7\u00f5es. O cuidado salvar\u00e1 a vida, far\u00e1 justi\u00e7a aos empobrecidos&nbsp;e resgatar\u00e1&nbsp;a Terra como P\u00e1tria&nbsp;e M\u00e1tria de todos\u201d.<\/p>\n<p>E, por fim, parafraseando Caetano Veloso, teremos finalmente uma Fr\u00e1tria.<\/p>\n<p>Esse \u00e9 o objetivo final da Terapia Floral, que o 4\u00b0. &nbsp;CONFLOR busca expressar, um encontro auspicioso, repleto de reflex\u00e3o e amorosidade.<\/p>\n<p>Est\u00e3o &nbsp;todas \/os convidadas\/os a participar desse lindo encontro de Almas.<\/p>\n<p>Lizete de Paula<\/p>\n<p>Terapeuta Floral e criadora do Conflor<\/p>\t\t\t\t\t\t\t\t<\/div>\n\t\t\t\t<\/div>\n\t\t\t\t\t<\/div>\n\t\t<\/div>\n\t\t\t\t\t<\/div>\n\t\t<\/section>\n\t\t\t\t<section class=\"elementor-section elementor-top-section elementor-element elementor-element-bd50f62 elementor-section-full_width elementor-section-height-default elementor-section-height-default\" data-id=\"bd50f62\" data-element_type=\"section\">\n\t\t\t\t\t\t<div class=\"elementor-container elementor-column-gap-default\">\n\t\t\t\t\t<div class=\"elementor-column elementor-col-100 elementor-top-column elementor-element elementor-element-f4e1dc0\" data-id=\"f4e1dc0\" data-element_type=\"column\">\n\t\t\t<div class=\"elementor-widget-wrap elementor-element-populated\">\n\t\t\t\t\t\t<div class=\"elementor-element elementor-element-d678898 elementor-widget elementor-widget-shortcode\" data-id=\"d678898\" data-element_type=\"widget\" data-widget_type=\"shortcode.default\">\n\t\t\t\t<div class=\"elementor-widget-container\">\n\t\t\t\t\t\t\t<div class=\"elementor-shortcode\">\t\t<div data-elementor-type=\"footer\" data-elementor-id=\"288\" class=\"elementor elementor-288\" data-elementor-post-type=\"elementor_library\">\n\t\t\t\t\t<section class=\"elementor-section elementor-top-section elementor-element elementor-element-13c7a80 elementor-section-full_width elementor-section-height-default elementor-section-height-default\" data-id=\"13c7a80\" data-element_type=\"section\" data-settings=\"{&quot;background_background&quot;:&quot;classic&quot;}\">\n\t\t\t\t\t\t<div class=\"elementor-container elementor-column-gap-default\">\n\t\t\t\t\t<div class=\"elementor-column elementor-col-33 elementor-top-column elementor-element elementor-element-128e1af\" data-id=\"128e1af\" data-element_type=\"column\">\n\t\t\t<div class=\"elementor-widget-wrap elementor-element-populated\">\n\t\t\t\t\t\t<div class=\"elementor-element elementor-element-6bb2b35 elementor-widget elementor-widget-image\" data-id=\"6bb2b35\" data-element_type=\"widget\" data-widget_type=\"image.default\">\n\t\t\t\t<div class=\"elementor-widget-container\">\n\t\t\t\t\t\t\t\t\t\t\t\t\t\t\t<img decoding=\"async\" width=\"708\" height=\"449\" src=\"https:\/\/msflores.com.br\/conflor\/wp-content\/uploads\/2022\/10\/logo-branca.png\" class=\"attachment-large size-large wp-image-1551\" alt=\"\" srcset=\"https:\/\/msflores.com.br\/conflor\/wp-content\/uploads\/2022\/10\/logo-branca.png 708w, https:\/\/msflores.com.br\/conflor\/wp-content\/uploads\/2022\/10\/logo-branca-300x190.png 300w, https:\/\/msflores.com.br\/conflor\/wp-content\/uploads\/2022\/10\/logo-branca-600x381.png 600w\" sizes=\"(max-width: 708px) 100vw, 708px\" \/>\t\t\t\t\t\t\t\t\t\t\t\t\t\t\t<\/div>\n\t\t\t\t<\/div>\n\t\t\t\t\t<\/div>\n\t\t<\/div>\n\t\t\t\t<div class=\"elementor-column elementor-col-33 elementor-top-column elementor-element elementor-element-62288bb\" data-id=\"62288bb\" data-element_type=\"column\">\n\t\t\t<div class=\"elementor-widget-wrap elementor-element-populated\">\n\t\t\t\t\t\t<div class=\"elementor-element elementor-element-a189827 elementor-shape-square elementor-grid-3 e-grid-align-center elementor-widget elementor-widget-social-icons\" data-id=\"a189827\" data-element_type=\"widget\" data-widget_type=\"social-icons.default\">\n\t\t\t\t<div class=\"elementor-widget-container\">\n\t\t\t\t\t\t\t<div class=\"elementor-social-icons-wrapper elementor-grid\">\n\t\t\t\t\t\t\t<span class=\"elementor-grid-item\">\n\t\t\t\t\t<a class=\"elementor-icon elementor-social-icon elementor-social-icon-instagram elementor-repeater-item-a4fd605\" href=\"https:\/\/www.instagram.com\/MSFloresAssociacao\/\" target=\"_blank\">\n\t\t\t\t\t\t<span class=\"elementor-screen-only\">Instagram<\/span>\n\t\t\t\t\t\t<i class=\"fab fa-instagram\"><\/i>\t\t\t\t\t<\/a>\n\t\t\t\t<\/span>\n\t\t\t\t\t\t\t<span class=\"elementor-grid-item\">\n\t\t\t\t\t<a class=\"elementor-icon elementor-social-icon elementor-social-icon-facebook elementor-repeater-item-3932ee5\" href=\"https:\/\/www.facebook.com\/MSFloresAssociacao\/\" target=\"_blank\">\n\t\t\t\t\t\t<span class=\"elementor-screen-only\">Facebook<\/span>\n\t\t\t\t\t\t<i class=\"fab fa-facebook\"><\/i>\t\t\t\t\t<\/a>\n\t\t\t\t<\/span>\n\t\t\t\t\t\t\t<span class=\"elementor-grid-item\">\n\t\t\t\t\t<a class=\"elementor-icon elementor-social-icon elementor-social-icon-whatsapp elementor-repeater-item-b13e185\" href=\"https:\/\/api.whatsapp.com\/send?phone=5567920001756\" target=\"_blank\">\n\t\t\t\t\t\t<span class=\"elementor-screen-only\">Whatsapp<\/span>\n\t\t\t\t\t\t<i class=\"fab fa-whatsapp\"><\/i>\t\t\t\t\t<\/a>\n\t\t\t\t<\/span>\n\t\t\t\t\t<\/div>\n\t\t\t\t\t\t<\/div>\n\t\t\t\t<\/div>\n\t\t\t\t\t<\/div>\n\t\t<\/div>\n\t\t\t\t<div class=\"elementor-column elementor-col-33 elementor-top-column elementor-element elementor-element-0e93d33\" data-id=\"0e93d33\" data-element_type=\"column\">\n\t\t\t<div class=\"elementor-widget-wrap elementor-element-populated\">\n\t\t\t\t\t\t<div class=\"elementor-element elementor-element-d814946 elementor-view-default elementor-widget elementor-widget-icon\" data-id=\"d814946\" data-element_type=\"widget\" data-widget_type=\"icon.default\">\n\t\t\t\t<div class=\"elementor-widget-container\">\n\t\t\t\t\t\t\t<div class=\"elementor-icon-wrapper\">\n\t\t\t<a class=\"elementor-icon\" href=\"#inicio\">\n\t\t\t<i aria-hidden=\"true\" class=\"fas fa-angle-up\"><\/i>\t\t\t<\/a>\n\t\t<\/div>\n\t\t\t\t\t\t<\/div>\n\t\t\t\t<\/div>\n\t\t\t\t\t<\/div>\n\t\t<\/div>\n\t\t\t\t\t<\/div>\n\t\t<\/section>\n\t\t\t\t<\/div>\n\t\t<\/div>\n\t\t\t\t\t\t<\/div>\n\t\t\t\t<\/div>\n\t\t\t\t\t<\/div>\n\t\t<\/div>\n\t\t\t\t\t<\/div>\n\t\t<\/section>\n\t\t\t\t<\/div>\n\t\t","protected":false},"excerpt":{"rendered":"<p>4\u00b0. CONFLOR &nbsp;Terapia Floral, Sustentabilidade e Amor Expandindo a Consci\u00eancia Pessoal e Planet\u00e1ria. \u00c9 com grande alegria que vamos realizar, neste ano, o 4\u2022. CONFLOR &#8211; Congresso Nacional da Terapia Floral. E, pela primeira vez, ele deixa o Rio de Janeiro, onde foram realizados os tr\u00eas primeiros eventos, para visitar outro estado, o Mato Grosso [&hellip;]<\/p>\n","protected":false},"author":1,"featured_media":0,"parent":0,"menu_order":0,"comment_status":"closed","ping_status":"closed","template":"elementor_canvas","meta":{"footnotes":""},"class_list":["post-735","page","type-page","status-publish","hentry"],"_links":{"self":[{"href":"https:\/\/msflores.com.br\/conflor\/wp-json\/wp\/v2\/pages\/735","targetHints":{"allow":["GET"]}}],"collection":[{"href":"https:\/\/msflores.com.br\/conflor\/wp-json\/wp\/v2\/pages"}],"about":[{"href":"https:\/\/msflores.com.br\/conflor\/wp-json\/wp\/v2\/types\/page"}],"author":[{"embeddable":true,"href":"https:\/\/msflores.com.br\/conflor\/wp-json\/wp\/v2\/users\/1"}],"replies":[{"embeddable":true,"href":"https:\/\/msflores.com.br\/conflor\/wp-json\/wp\/v2\/comments?post=735"}],"version-history":[{"count":29,"href":"https:\/\/msflores.com.br\/conflor\/wp-json\/wp\/v2\/pages\/735\/revisions"}],"predecessor-version":[{"id":2191,"href":"https:\/\/msflores.com.br\/conflor\/wp-json\/wp\/v2\/pages\/735\/revisions\/2191"}],"wp:attachment":[{"href":"https:\/\/msflores.com.br\/conflor\/wp-json\/wp\/v2\/media?parent=735"}],"curies":[{"name":"wp","href":"https:\/\/api.w.org\/{rel}","templated":true}]}}